{"id":33,"date":"2025-01-26T21:09:04","date_gmt":"2025-01-26T19:09:04","guid":{"rendered":"https:\/\/tuomasharjusdp.fi\/?page_id=33"},"modified":"2025-03-22T13:14:16","modified_gmt":"2025-03-22T11:14:16","slug":"lyhytvideot","status":"publish","type":"page","link":"https:\/\/tuomasharjusdp.fi\/index.php\/tuomas-harju\/lyhytvideot\/","title":{"rendered":""},"content":{"rendered":"\n<div class=\"wp-block-query is-layout-flow wp-block-query-is-layout-flow\"><ul class=\"wp-block-post-template has-xx-large-font-size is-layout-flow wp-block-post-template-is-layout-flow\"><li class=\"wp-block-post post-392 post type-post status-publish format-standard hentry category-video\">\n<h2 class=\"wp-block-post-title has-x-large-font-size\"><a href=\"https:\/\/tuomasharjusdp.fi\/index.php\/2025\/04\/11\/kuka-sanoi-ettei-nuoret-aanesta-demareita\/\" target=\"_self\" >Kuka sanoi ettei nuoret \u00e4\u00e4nest\u00e4 demareita?<\/a><\/h2>\n\n<div class=\"wp-block-post-date\"><time datetime=\"2025-04-11T16:35:30+02:00\">11.4.2025<\/time><\/div>\n<\/li><li class=\"wp-block-post post-387 post type-post status-publish format-standard hentry category-video\">\n<h2 class=\"wp-block-post-title has-x-large-font-size\"><a href=\"https:\/\/tuomasharjusdp.fi\/index.php\/2025\/04\/10\/public-transport\/\" target=\"_self\" >Joukkoliikenne<\/a><\/h2>\n\n<div class=\"wp-block-post-date\"><time datetime=\"2025-04-10T16:31:59+02:00\">10.4.2025<\/time><\/div>\n<\/li><li class=\"wp-block-post post-384 post type-post status-publish format-standard hentry category-video\">\n<h2 class=\"wp-block-post-title has-x-large-font-size\"><a href=\"https:\/\/tuomasharjusdp.fi\/index.php\/2025\/04\/08\/miksi-olen-demari\/\" target=\"_self\" >Miksi olen demari?<\/a><\/h2>\n\n<div class=\"wp-block-post-date\"><time datetime=\"2025-04-08T16:28:23+02:00\">8.4.2025<\/time><\/div>\n<\/li><li class=\"wp-block-post post-381 post type-post status-publish format-standard hentry category-video\">\n<h2 class=\"wp-block-post-title has-x-large-font-size\"><a href=\"https:\/\/tuomasharjusdp.fi\/index.php\/2025\/04\/07\/what-attracts-international-talent-to-helsinki\/\" target=\"_self\" >What attracts international talent to Helsinki?<\/a><\/h2>\n\n<div class=\"wp-block-post-date\"><time datetime=\"2025-04-07T19:00:59+02:00\">7.4.2025<\/time><\/div>\n<\/li><li class=\"wp-block-post post-378 post type-post status-publish format-standard hentry category-video\">\n<h2 class=\"wp-block-post-title has-x-large-font-size\"><a href=\"https:\/\/tuomasharjusdp.fi\/index.php\/2025\/04\/06\/uusia-frisbeegolfratoja-helsinkiin\/\" target=\"_self\" >Uusia frisbeegolfratoja Helsinkiin?<\/a><\/h2>\n\n<div class=\"wp-block-post-date\"><time datetime=\"2025-04-06T21:27:47+02:00\">6.4.2025<\/time><\/div>\n<\/li><\/ul>\n\n<nav class=\"wp-block-query-pagination is-layout-flex wp-block-query-pagination-is-layout-flex\" aria-label=\"Sivutus\">\n\n\n<div class=\"wp-block-query-pagination-numbers\"><span aria-current=\"page\" class=\"page-numbers current\">1<\/span>\n<a class=\"page-numbers\" href=\"?query-113-page=2\">2<\/a>\n<a class=\"page-numbers\" href=\"?query-113-page=3\">3<\/a>\n<span class=\"page-numbers dots\">&hellip;<\/span>\n<a class=\"page-numbers\" href=\"?query-113-page=7\">7<\/a><\/div>\n\n<a href=\"\/index.php\/wp-json\/wp\/v2\/pages\/33?query-113-page=2\" class=\"wp-block-query-pagination-next\">Seuraava sivu<\/a>\n<\/nav>\n\n<\/div>\n\n\n\n<p><\/p>\n","protected":false},"excerpt":{"rendered":"","protected":false},"author":2,"featured_media":0,"parent":17,"menu_order":0,"comment_status":"closed","ping_status":"closed","template":"","meta":{"footnotes":""},"class_list":["post-33","page","type-page","status-publish","hentry"],"_links":{"self":[{"href":"https:\/\/tuomasharjusdp.fi\/index.php\/wp-json\/wp\/v2\/pages\/33","targetHints":{"allow":["GET"]}}],"collection":[{"href":"https:\/\/tuomasharjusdp.fi\/index.php\/wp-json\/wp\/v2\/pages"}],"about":[{"href":"https:\/\/tuomasharjusdp.fi\/index.php\/wp-json\/wp\/v2\/types\/page"}],"author":[{"embeddable":true,"href":"https:\/\/tuomasharjusdp.fi\/index.php\/wp-json\/wp\/v2\/users\/2"}],"replies":[{"embeddable":true,"href":"https:\/\/tuomasharjusdp.fi\/index.php\/wp-json\/wp\/v2\/comments?post=33"}],"version-history":[{"count":23,"href":"https:\/\/tuomasharjusdp.fi\/index.php\/wp-json\/wp\/v2\/pages\/33\/revisions"}],"predecessor-version":[{"id":273,"href":"https:\/\/tuomasharjusdp.fi\/index.php\/wp-json\/wp\/v2\/pages\/33\/revisions\/273"}],"up":[{"embeddable":true,"href":"https:\/\/tuomasharjusdp.fi\/index.php\/wp-json\/wp\/v2\/pages\/17"}],"wp:attachment":[{"href":"https:\/\/tuomasharjusdp.fi\/index.php\/wp-json\/wp\/v2\/media?parent=33"}],"curies":[{"name":"wp","href":"https:\/\/api.w.org\/{rel}","templated":true}]}}