{"id":323,"date":"2025-04-01T21:36:44","date_gmt":"2025-04-01T19:36:44","guid":{"rendered":"https:\/\/tuomasharjusdp.fi\/?page_id=323"},"modified":"2025-04-01T23:23:53","modified_gmt":"2025-04-01T21:23:53","slug":"nakemykseni-itaisesta-kaupunkibulevardista","status":"publish","type":"page","link":"https:\/\/tuomasharjusdp.fi\/index.php\/artikkelit\/nakemykseni-itaisesta-kaupunkibulevardista\/","title":{"rendered":"N\u00e4kemykseni It\u00e4isest\u00e4 kaupunkibulevardista"},"content":{"rendered":"<p>Paikallisesti Puotilassa, Vartiokyl\u00e4ss\u00e4 ja Vartioharjussa puhuttaa n\u00e4iss\u00e4 vaaleissa It\u00e4inen kaupunkibulevardi. Viimeksi t\u00e4n\u00e4\u00e4n k\u00e4vin keskustelun asukkaan kanssa, joka kysyi aiheesta mielipidett\u00e4ni. Siksi aion jakaa sen t\u00e4ss\u00e4:<br class=\"html-br\" \/><br class=\"html-br\" \/>It\u00e4ist\u00e4 kaupunkibulevardia pit\u00e4\u00e4 suunnitella alueen asukkaiden mielipiteet huomioiden. Alueen omaleimaisuus ja olemassaolevat piirteet tulee ottaa huomioon suunnittelussa, eik\u00e4 valmiita &#8221;leikkaa-liimaa&#8221; -ratkaisuja ole olemassa. T\u00e4t\u00e4 periaatetta haluan edist\u00e4\u00e4 kaupunkikehityksess\u00e4 yleisesti.<br class=\"html-br\" \/><br class=\"html-br\" \/>Vartiokyl\u00e4n tapauksessa huolena on, miten kerrostalot sopivat perinteiseen pientaloalueeseen. Onneksi bulevardin suunnitteluperiaatteet on p\u00e4ivitetty kaupunkiymp\u00e4rist\u00f6lautakunnassa noin vuosi sitten. Esimerkiksi viel\u00e4 2023 huhuttuja kymmenkerroksisia taloja ei ole en\u00e4\u00e4 tulossa, vaan It\u00e4v\u00e4yl\u00e4n varressa viidest\u00e4 kerroksesta yl\u00f6sp\u00e4in, paikoin korkeintaan kahdeksan kerrosta. N\u00e4m\u00e4 rakennukset tulisivat vain It\u00e4v\u00e4yl\u00e4n varteen.<br class=\"html-br\" \/><br class=\"html-br\" \/>Olen huolissani, ett\u00e4 korkea rakentaminen levi\u00e4\u00e4 olemassaolevalle asuinalueelle. Mielest\u00e4ni t\u00e4m\u00e4 ei ole tarkoituksenmukaista. Pientaloalueella yli kolmekerroksisia kerrostaloja ja nykyisten asuintalojen purkamista pit\u00e4\u00e4 viimeiseen asti v\u00e4ltt\u00e4\u00e4. Viime kuussa hyv\u00e4ksytty kaupunkimainen korttelikaava Puotilan metroaseman ymp\u00e4rist\u00f6\u00f6n voisi mahdollistaa maltillisempaa rakentamista toisaalla suunnittelualueella.<br class=\"html-br\" \/><br class=\"html-br\" \/>Olen kokonaisuudessa siis It\u00e4v\u00e4yl\u00e4n kehitt\u00e4misen kannalla. Nykyisin alueen halkaiseva suoni on ep\u00e4viihtyis\u00e4\u00e4 ymp\u00e4rist\u00f6\u00e4 k\u00e4vell\u00e4 ja py\u00f6r\u00e4ill\u00e4. Pikaraitiotie parantaisi nykyisten ja tulevien asukkaiden kulkuyhteyksi\u00e4. Siksi en halua, ett\u00e4 hanke j\u00e4isi jumiin kaupungin virkakoneistoon ensi valtuustokaudeksi.<br class=\"html-br\" \/><br class=\"html-br\" \/>Uskon ett\u00e4 oikein toteutettuna bulevardi tekee Puotilan ja Vartiokyl\u00e4n alueesta paremman, sen vieh\u00e4tyksen s\u00e4ilytt\u00e4en.\u00a0<span class=\"html-span xexx8yu x4uap5 x18d9i69 xkhd6sd x1hl2dhg x16tdsg8 x1vvkbs x3nfvp2 x1j61x8r x1fcty0u xdj266r xat24cr xgzva0m xhhsvwb xxymvpz xlup9mm x1kky2od\"><img loading=\"lazy\" decoding=\"async\" class=\"xz74otr x168nmei x13lgxp2 x5pf9jr xo71vjh\" src=\"https:\/\/static.xx.fbcdn.net\/images\/emoji.php\/v9\/t69\/1\/16\/1f331.png\" alt=\"\ud83c\udf31\" width=\"16\" height=\"16\" \/><\/span>\u00a0<span class=\"html-span xexx8yu x4uap5 x18d9i69 xkhd6sd x1hl2dhg x16tdsg8 x1vvkbs x3nfvp2 x1j61x8r x1fcty0u xdj266r xat24cr xgzva0m xhhsvwb xxymvpz xlup9mm x1kky2od\"><img loading=\"lazy\" decoding=\"async\" class=\"xz74otr x168nmei x13lgxp2 x5pf9jr xo71vjh\" src=\"https:\/\/static.xx.fbcdn.net\/images\/emoji.php\/v9\/t77\/1\/16\/1f3e1.png\" alt=\"\ud83c\udfe1\" width=\"16\" height=\"16\" \/><\/span><\/p>\n\n\n<figure class=\"wp-block-image size-full is-resized\"><img loading=\"lazy\" decoding=\"async\" width=\"834\" height=\"1024\" src=\"https:\/\/tuomasharjusdp.fi\/wp-content\/uploads\/2025\/04\/itainen-kaupunkibulevardi.jpg\" alt=\"\" class=\"wp-image-329\" style=\"width:598px;height:auto\" srcset=\"https:\/\/tuomasharjusdp.fi\/wp-content\/uploads\/2025\/04\/itainen-kaupunkibulevardi.jpg 834w, https:\/\/tuomasharjusdp.fi\/wp-content\/uploads\/2025\/04\/itainen-kaupunkibulevardi-244x300.jpg 244w, https:\/\/tuomasharjusdp.fi\/wp-content\/uploads\/2025\/04\/itainen-kaupunkibulevardi-768x943.jpg 768w\" sizes=\"auto, (max-width: 834px) 100vw, 834px\" \/><figcaption class=\"wp-element-caption\">Kuva: <a href=\"https:\/\/itahelsinki.fi\/vartioharjussa-ollaan-huolissaan-pilaako-itainen-kaupunkibulevardi-alueen-hengen\/\">https:\/\/itahelsinki.fi\/vartioharjussa-ollaan-huolissaan-pilaako-itainen-kaupunkibulevardi-alueen-hengen\/<\/a><\/figcaption><\/figure>\n\n\n<div class=\"wp-block-post-date has-medium-font-size\"><time datetime=\"2025-04-01T21:36:44+02:00\">1.4.2025<\/time><\/div>\n\n\n<p><\/p>\n","protected":false},"excerpt":{"rendered":"<p>Paikallisesti Puotilassa, Vartiokyl\u00e4ss\u00e4 ja Vartioharjussa puhuttaa n\u00e4iss\u00e4 vaaleissa It\u00e4inen kaupunkibulevardi. Viimeksi t\u00e4n\u00e4\u00e4n k\u00e4vin keskustelun asukkaan kanssa, joka kysyi aiheesta mielipidett\u00e4ni. Siksi aion jakaa sen t\u00e4ss\u00e4:It\u00e4ist\u00e4 kaupunkibulevardia pit\u00e4\u00e4 suunnitella alueen asukkaiden mielipiteet huomioiden. Alueen omaleimaisuus ja olemassaolevat piirteet tulee ottaa huomioon suunnittelussa, eik\u00e4 valmiita &#8221;leikkaa-liimaa&#8221; -ratkaisuja ole olemassa. T\u00e4t\u00e4 periaatetta haluan edist\u00e4\u00e4 kaupunkikehityksess\u00e4 yleisesti.Vartiokyl\u00e4n tapauksessa huolena [&hellip;]<\/p>\n","protected":false},"author":2,"featured_media":0,"parent":166,"menu_order":0,"comment_status":"closed","ping_status":"closed","template":"","meta":{"footnotes":""},"class_list":["post-323","page","type-page","status-publish","hentry"],"_links":{"self":[{"href":"https:\/\/tuomasharjusdp.fi\/index.php\/wp-json\/wp\/v2\/pages\/323","targetHints":{"allow":["GET"]}}],"collection":[{"href":"https:\/\/tuomasharjusdp.fi\/index.php\/wp-json\/wp\/v2\/pages"}],"about":[{"href":"https:\/\/tuomasharjusdp.fi\/index.php\/wp-json\/wp\/v2\/types\/page"}],"author":[{"embeddable":true,"href":"https:\/\/tuomasharjusdp.fi\/index.php\/wp-json\/wp\/v2\/users\/2"}],"replies":[{"embeddable":true,"href":"https:\/\/tuomasharjusdp.fi\/index.php\/wp-json\/wp\/v2\/comments?post=323"}],"version-history":[{"count":4,"href":"https:\/\/tuomasharjusdp.fi\/index.php\/wp-json\/wp\/v2\/pages\/323\/revisions"}],"predecessor-version":[{"id":333,"href":"https:\/\/tuomasharjusdp.fi\/index.php\/wp-json\/wp\/v2\/pages\/323\/revisions\/333"}],"up":[{"embeddable":true,"href":"https:\/\/tuomasharjusdp.fi\/index.php\/wp-json\/wp\/v2\/pages\/166"}],"wp:attachment":[{"href":"https:\/\/tuomasharjusdp.fi\/index.php\/wp-json\/wp\/v2\/media?parent=323"}],"curies":[{"name":"wp","href":"https:\/\/api.w.org\/{rel}","templated":true}]}}