{"id":17,"date":"2024-11-08T20:38:22","date_gmt":"2024-11-08T18:38:22","guid":{"rendered":"https:\/\/tuomasharjusdp.fi\/?page_id=17"},"modified":"2025-03-22T13:16:34","modified_gmt":"2025-03-22T11:16:34","slug":"tuomas-harju","status":"publish","type":"page","link":"https:\/\/tuomasharjusdp.fi\/","title":{"rendered":""},"content":{"rendered":"\n<div class=\"wp-block-group has-border-color has-primary-border-color is-nowrap is-layout-flex wp-container-core-group-is-layout-cbd023f1 wp-block-group-is-layout-flex\" style=\"border-style:dashed;border-width:2px;border-radius:57px;padding-top:var(--wp--preset--spacing--10);padding-right:var(--wp--preset--spacing--10);padding-bottom:var(--wp--preset--spacing--10);padding-left:var(--wp--preset--spacing--10)\">\n<h1 class=\"wp-block-heading has-primary-color has-text-color has-link-color has-barlow-condensed-font-family wp-elements-1f967b66b017b6db84a50fc1e312dc95\" style=\"font-size:clamp(0.984rem, 0.984rem + ((1vw - 0.2rem) * 1.423), 1.5rem);\">Seuraa minua somessa:<\/h1>\n\n\n\n<ul class=\"wp-block-social-links has-large-icon-size has-visible-labels is-style-logos-only is-layout-flex wp-container-core-social-links-is-layout-c678c252 wp-block-social-links-is-layout-flex\" style=\"margin-top:0;margin-right:0;margin-bottom:0;margin-left:0\"><li class=\"wp-social-link wp-social-link-tiktok  wp-block-social-link\"><a href=\"https:\/\/www.tiktok.com\/@tuomasharju_sdp\" class=\"wp-block-social-link-anchor\"><svg width=\"24\" height=\"24\" viewBox=\"0 0 32 32\" version=\"1.1\" xmlns=\"http:\/\/www.w3.org\/2000\/svg\" aria-hidden=\"true\" focusable=\"false\"><path d=\"M16.708 0.027c1.745-0.027 3.48-0.011 5.213-0.027 0.105 2.041 0.839 4.12 2.333 5.563 1.491 1.479 3.6 2.156 5.652 2.385v5.369c-1.923-0.063-3.855-0.463-5.6-1.291-0.76-0.344-1.468-0.787-2.161-1.24-0.009 3.896 0.016 7.787-0.025 11.667-0.104 1.864-0.719 3.719-1.803 5.255-1.744 2.557-4.771 4.224-7.88 4.276-1.907 0.109-3.812-0.411-5.437-1.369-2.693-1.588-4.588-4.495-4.864-7.615-0.032-0.667-0.043-1.333-0.016-1.984 0.24-2.537 1.495-4.964 3.443-6.615 2.208-1.923 5.301-2.839 8.197-2.297 0.027 1.975-0.052 3.948-0.052 5.923-1.323-0.428-2.869-0.308-4.025 0.495-0.844 0.547-1.485 1.385-1.819 2.333-0.276 0.676-0.197 1.427-0.181 2.145 0.317 2.188 2.421 4.027 4.667 3.828 1.489-0.016 2.916-0.88 3.692-2.145 0.251-0.443 0.532-0.896 0.547-1.417 0.131-2.385 0.079-4.76 0.095-7.145 0.011-5.375-0.016-10.735 0.025-16.093z\" \/><\/svg><span class=\"wp-block-social-link-label\">TikTok<\/span><\/a><\/li>\n\n<li class=\"wp-social-link wp-social-link-instagram  wp-block-social-link\"><a href=\"https:\/\/www.instagram.com\/tuomasharju_sdp\/\" class=\"wp-block-social-link-anchor\"><svg width=\"24\" height=\"24\" viewBox=\"0 0 24 24\" version=\"1.1\" xmlns=\"http:\/\/www.w3.org\/2000\/svg\" aria-hidden=\"true\" focusable=\"false\"><path d=\"M12,4.622c2.403,0,2.688,0.009,3.637,0.052c0.877,0.04,1.354,0.187,1.671,0.31c0.42,0.163,0.72,0.358,1.035,0.673 c0.315,0.315,0.51,0.615,0.673,1.035c0.123,0.317,0.27,0.794,0.31,1.671c0.043,0.949,0.052,1.234,0.052,3.637 s-0.009,2.688-0.052,3.637c-0.04,0.877-0.187,1.354-0.31,1.671c-0.163,0.42-0.358,0.72-0.673,1.035 c-0.315,0.315-0.615,0.51-1.035,0.673c-0.317,0.123-0.794,0.27-1.671,0.31c-0.949,0.043-1.233,0.052-3.637,0.052 s-2.688-0.009-3.637-0.052c-0.877-0.04-1.354-0.187-1.671-0.31c-0.42-0.163-0.72-0.358-1.035-0.673 c-0.315-0.315-0.51-0.615-0.673-1.035c-0.123-0.317-0.27-0.794-0.31-1.671C4.631,14.688,4.622,14.403,4.622,12 s0.009-2.688,0.052-3.637c0.04-0.877,0.187-1.354,0.31-1.671c0.163-0.42,0.358-0.72,0.673-1.035 c0.315-0.315,0.615-0.51,1.035-0.673c0.317-0.123,0.794-0.27,1.671-0.31C9.312,4.631,9.597,4.622,12,4.622 M12,3 C9.556,3,9.249,3.01,8.289,3.054C7.331,3.098,6.677,3.25,6.105,3.472C5.513,3.702,5.011,4.01,4.511,4.511 c-0.5,0.5-0.808,1.002-1.038,1.594C3.25,6.677,3.098,7.331,3.054,8.289C3.01,9.249,3,9.556,3,12c0,2.444,0.01,2.751,0.054,3.711 c0.044,0.958,0.196,1.612,0.418,2.185c0.23,0.592,0.538,1.094,1.038,1.594c0.5,0.5,1.002,0.808,1.594,1.038 c0.572,0.222,1.227,0.375,2.185,0.418C9.249,20.99,9.556,21,12,21s2.751-0.01,3.711-0.054c0.958-0.044,1.612-0.196,2.185-0.418 c0.592-0.23,1.094-0.538,1.594-1.038c0.5-0.5,0.808-1.002,1.038-1.594c0.222-0.572,0.375-1.227,0.418-2.185 C20.99,14.751,21,14.444,21,12s-0.01-2.751-0.054-3.711c-0.044-0.958-0.196-1.612-0.418-2.185c-0.23-0.592-0.538-1.094-1.038-1.594 c-0.5-0.5-1.002-0.808-1.594-1.038c-0.572-0.222-1.227-0.375-2.185-0.418C14.751,3.01,14.444,3,12,3L12,3z M12,7.378 c-2.552,0-4.622,2.069-4.622,4.622S9.448,16.622,12,16.622s4.622-2.069,4.622-4.622S14.552,7.378,12,7.378z M12,15 c-1.657,0-3-1.343-3-3s1.343-3,3-3s3,1.343,3,3S13.657,15,12,15z M16.804,6.116c-0.596,0-1.08,0.484-1.08,1.08 s0.484,1.08,1.08,1.08c0.596,0,1.08-0.484,1.08-1.08S17.401,6.116,16.804,6.116z\"><\/path><\/svg><span class=\"wp-block-social-link-label\">Instagram<\/span><\/a><\/li>\n\n<li class=\"wp-social-link wp-social-link-facebook  wp-block-social-link\"><a href=\"https:\/\/www.facebook.com\/people\/Tuomas-Harju-SDP\/61566993925249\/\" class=\"wp-block-social-link-anchor\"><svg width=\"24\" height=\"24\" viewBox=\"0 0 24 24\" version=\"1.1\" xmlns=\"http:\/\/www.w3.org\/2000\/svg\" aria-hidden=\"true\" focusable=\"false\"><path d=\"M12 2C6.5 2 2 6.5 2 12c0 5 3.7 9.1 8.4 9.9v-7H7.9V12h2.5V9.8c0-2.5 1.5-3.9 3.8-3.9 1.1 0 2.2.2 2.2.2v2.5h-1.3c-1.2 0-1.6.8-1.6 1.6V12h2.8l-.4 2.9h-2.3v7C18.3 21.1 22 17 22 12c0-5.5-4.5-10-10-10z\"><\/path><\/svg><span class=\"wp-block-social-link-label\">Facebook<\/span><\/a><\/li><\/ul>\n<\/div>\n\n\n\n<div class=\"wp-block-group has-global-padding is-layout-constrained wp-block-group-is-layout-constrained\"><\/div>\n\n\n\n<div class=\"wp-block-group is-nowrap is-layout-flex wp-container-core-group-is-layout-6c531013 wp-block-group-is-layout-flex\">\n<div class=\"wp-block-media-text is-stacked-on-mobile is-vertically-aligned-top\"><figure class=\"wp-block-media-text__media\"><img loading=\"lazy\" decoding=\"async\" width=\"1024\" height=\"1024\" src=\"https:\/\/tuomasharjusdp.fi\/wp-content\/uploads\/2025\/03\/Copy-of-Olen_ehdolla_numerolla_20250322_123753_0000-1024x1024.png\" alt=\"\" class=\"wp-image-274 size-full\" srcset=\"https:\/\/tuomasharjusdp.fi\/wp-content\/uploads\/2025\/03\/Copy-of-Olen_ehdolla_numerolla_20250322_123753_0000-1024x1024.png 1024w, https:\/\/tuomasharjusdp.fi\/wp-content\/uploads\/2025\/03\/Copy-of-Olen_ehdolla_numerolla_20250322_123753_0000-300x300.png 300w, https:\/\/tuomasharjusdp.fi\/wp-content\/uploads\/2025\/03\/Copy-of-Olen_ehdolla_numerolla_20250322_123753_0000-150x150.png 150w, https:\/\/tuomasharjusdp.fi\/wp-content\/uploads\/2025\/03\/Copy-of-Olen_ehdolla_numerolla_20250322_123753_0000-768x768.png 768w, https:\/\/tuomasharjusdp.fi\/wp-content\/uploads\/2025\/03\/Copy-of-Olen_ehdolla_numerolla_20250322_123753_0000.png 1080w\" sizes=\"auto, (max-width: 1024px) 100vw, 1024px\" \/><\/figure><div class=\"wp-block-media-text__content\">\n<div class=\"wp-block-group is-nowrap is-layout-flex wp-container-core-group-is-layout-6c531013 wp-block-group-is-layout-flex\">\n<p class=\"has-text-align-left\">Olen Tuomas Harju, 31-vuotias it\u00e4helsinkil\u00e4inen kaupunkihistorioitsija ja tiiminvet\u00e4j\u00e4. <strong>Olen SDP:n kuntavaaliehdokas Helsingist\u00e4 2025.<\/strong><\/p>\n<\/div>\n\n\n\n<p class=\"has-text-align-left\">Kampanjateemojani ovat yritt\u00e4jyys Helsingiss\u00e4, opiskelijat ja nuoret, sek\u00e4 kest\u00e4v\u00e4 kaupunkisuunnittelu.<\/p>\n\n\n\n<p class=\"has-text-align-left\">Haluan olla rakentamassa kasvavaa ja sosiaalisesti oikeudenmukaista Helsinki\u00e4. Yliopistosta kaupunkitutkimuksen alalta hankkimallani osaamisella pyrin edist\u00e4m\u00e4\u00e4n kest\u00e4v\u00e4\u00e4 kaupunkikehityst\u00e4 luonto- ja kulttuuriymp\u00e4rist\u00f6arvoista tinkim\u00e4tt\u00e4.<\/p>\n\n\n\n<p class=\"has-text-align-left\">Uskon j\u00e4rjest\u00e4ytymiseen ja joukkovoimaan. Olen toiminut viiden vuoden ajan liittoni Specian hallituksessa, jossa olen edist\u00e4nyt ammatinharjoittajien ja yritt\u00e4jien asiaa.<\/p>\n<\/div><\/div>\n<\/div>\n\n\n\n<div class=\"wp-block-group has-global-padding is-content-justification-right is-layout-constrained wp-container-core-group-is-layout-f1f2ed93 wp-block-group-is-layout-constrained\">\n<div class=\"wp-block-group has-global-padding is-layout-constrained wp-block-group-is-layout-constrained\">\n<div class=\"wp-block-group has-global-padding is-layout-constrained wp-block-group-is-layout-constrained\">\n<div class=\"wp-block-group has-x-large-font-size has-global-padding is-layout-constrained wp-container-core-group-is-layout-7db9d80f wp-block-group-is-layout-constrained has-background\" style=\"border-style:none;border-width:0px;padding-right:0;padding-left:0;background-position:100% 50%;background-repeat:no-repeat;background-size:contain;\">\n<p class=\"has-text-align-center has-text-color has-link-color wp-elements-87d705f7dbe2bb9535c7502424b5d16c\" style=\"color:#f54b4b;margin-right:var(--wp--preset--spacing--50);margin-left:var(--wp--preset--spacing--50);padding-right:var(--wp--preset--spacing--10);padding-left:var(--wp--preset--spacing--10);font-size:clamp(1.039rem, 1.039rem + ((1vw - 0.2rem) * 1.548), 1.6rem);font-style:normal;font-weight:600\">1. Kaupunki kuntoon fiksulla suunnittelulla!<\/p>\n\n\n\n<p class=\"has-text-align-center has-text-color has-link-color wp-elements-cf10af636e89cfcc9be6ff697db58f0b\" style=\"color:#f54b4b;margin-top:0.01px;margin-right:var(--wp--preset--spacing--40);margin-bottom:0.01px;margin-left:var(--wp--preset--spacing--40);padding-right:var(--wp--preset--spacing--10);padding-left:var(--wp--preset--spacing--10)\"><em>Kohtuuhintaiset k\u00e4mp\u00e4t ja ketter\u00e4mm\u00e4t kulkureitit<\/em><\/p>\n\n\n\n<p class=\"has-text-align-center has-text-color has-link-color wp-elements-d5601629ea286874b135ca97d5e205eb\" style=\"color:#f54b4b;padding-right:var(--wp--preset--spacing--10);padding-left:var(--wp--preset--spacing--10);font-size:clamp(1.039rem, 1.039rem + ((1vw - 0.2rem) * 1.548), 1.6rem);font-style:normal;font-weight:600\">2. Pienyritt\u00e4j\u00e4lle paremmat mahdollisuudet!<\/p>\n\n\n\n<p class=\"has-text-align-center has-text-color has-link-color wp-elements-55178912777ecf299706af6e71d526a5\" style=\"color:#f54b4b;margin-top:0.01px;margin-right:var(--wp--preset--spacing--40);margin-bottom:0.01px;margin-left:var(--wp--preset--spacing--40);padding-right:var(--wp--preset--spacing--10);padding-left:var(--wp--preset--spacing--10)\"><em>Pienyritt\u00e4j\u00e4lle parempi pohja p\u00e4rj\u00e4t\u00e4 ja ponnistaa<\/em><\/p>\n\n\n\n<p class=\"has-text-align-center has-text-color has-link-color wp-elements-a8a341fbe74dcc3a4f10366e8bd47548\" style=\"color:#f54b4b;margin-right:0;margin-left:0;padding-right:var(--wp--preset--spacing--10);padding-left:var(--wp--preset--spacing--10);font-size:clamp(1.039rem, 1.039rem + ((1vw - 0.2rem) * 1.548), 1.6rem);font-style:normal;font-weight:600\">3. Opiskelijoille edullinen ja elinvoimainen Helsinki!<\/p>\n\n\n\n<p class=\"has-text-align-center has-text-color has-link-color wp-elements-04c9b843ba49a20f70794b02b7bee42a\" style=\"color:#f54b4b;margin-top:0.01px;margin-bottom:0.01px;padding-right:var(--wp--preset--spacing--10);padding-left:var(--wp--preset--spacing--10)\"><em>Studenteille s\u00e4h\u00e4kk\u00e4 ja s\u00e4\u00e4st\u00f6possuyst\u00e4v\u00e4llinen Stadi<\/em><\/p>\n\n\n\n<p class=\"has-text-align-center has-text-color has-link-color wp-elements-31280ce34addd161acb09a127943bb91\" style=\"color:#f54b4b;font-size:clamp(1.039rem, 1.039rem + ((1vw - 0.2rem) * 1.548), 1.6rem);font-style:normal;font-weight:600\">#harjueihorju<\/p>\n<\/div>\n<\/div>\n<\/div>\n<\/div>\n\n\n\n<p class=\"has-primary-color has-text-color has-link-color has-medium-font-size wp-elements-5b90491e6de629fb7ea345bbeb9b4890\" style=\"font-style:normal;font-weight:600\">Kuntavaalien 2025 vaalip\u00e4iv\u00e4 on 13.4.2025. Ennakko\u00e4\u00e4nestys Suomessa 2.-8.4.2025 ja ulkomailla 2.-5.4.2025.<\/p>\n\n\n\n<p><\/p>\n","protected":false},"excerpt":{"rendered":"<p>Seuraa minua somessa: Olen Tuomas Harju, 31-vuotias it\u00e4helsinkil\u00e4inen kaupunkihistorioitsija ja tiiminvet\u00e4j\u00e4. Olen SDP:n kuntavaaliehdokas Helsingist\u00e4 2025. Kampanjateemojani ovat yritt\u00e4jyys Helsingiss\u00e4, opiskelijat ja nuoret, sek\u00e4 kest\u00e4v\u00e4 kaupunkisuunnittelu. Haluan olla rakentamassa kasvavaa ja sosiaalisesti oikeudenmukaista Helsinki\u00e4. Yliopistosta kaupunkitutkimuksen alalta hankkimallani osaamisella pyrin edist\u00e4m\u00e4\u00e4n kest\u00e4v\u00e4\u00e4 kaupunkikehityst\u00e4 luonto- ja kulttuuriymp\u00e4rist\u00f6arvoista tinkim\u00e4tt\u00e4. Uskon j\u00e4rjest\u00e4ytymiseen ja joukkovoimaan. Olen toiminut viiden vuoden [&hellip;]<\/p>\n","protected":false},"author":1,"featured_media":0,"parent":0,"menu_order":0,"comment_status":"closed","ping_status":"closed","template":"","meta":{"footnotes":""},"class_list":["post-17","page","type-page","status-publish","hentry"],"_links":{"self":[{"href":"https:\/\/tuomasharjusdp.fi\/index.php\/wp-json\/wp\/v2\/pages\/17","targetHints":{"allow":["GET"]}}],"collection":[{"href":"https:\/\/tuomasharjusdp.fi\/index.php\/wp-json\/wp\/v2\/pages"}],"about":[{"href":"https:\/\/tuomasharjusdp.fi\/index.php\/wp-json\/wp\/v2\/types\/page"}],"author":[{"embeddable":true,"href":"https:\/\/tuomasharjusdp.fi\/index.php\/wp-json\/wp\/v2\/users\/1"}],"replies":[{"embeddable":true,"href":"https:\/\/tuomasharjusdp.fi\/index.php\/wp-json\/wp\/v2\/comments?post=17"}],"version-history":[{"count":33,"href":"https:\/\/tuomasharjusdp.fi\/index.php\/wp-json\/wp\/v2\/pages\/17\/revisions"}],"predecessor-version":[{"id":275,"href":"https:\/\/tuomasharjusdp.fi\/index.php\/wp-json\/wp\/v2\/pages\/17\/revisions\/275"}],"wp:attachment":[{"href":"https:\/\/tuomasharjusdp.fi\/index.php\/wp-json\/wp\/v2\/media?parent=17"}],"curies":[{"name":"wp","href":"https:\/\/api.w.org\/{rel}","templated":true}]}}