{"id":117,"date":"2025-03-06T16:51:17","date_gmt":"2025-03-06T14:51:17","guid":{"rendered":"https:\/\/tuomasharjusdp.fi\/?page_id=117"},"modified":"2025-03-06T17:59:32","modified_gmt":"2025-03-06T15:59:32","slug":"tata-mielta-olen","status":"publish","type":"page","link":"https:\/\/tuomasharjusdp.fi\/index.php\/tuomas-harju\/tata-mielta-olen\/","title":{"rendered":""},"content":{"rendered":"\n<p class=\"has-barlow-condensed-font-family\" style=\"font-size:0rem;text-decoration:none\"><\/p>\n\n\n\n<h2 class=\"wp-block-heading has-xx-large-font-size\">Vastaukseni YLE:n vaalikoneen v\u00e4itt\u00e4miin<\/h2>\n\n\n\n<div class=\"wp-block-columns is-layout-flex wp-container-core-columns-is-layout-28f84493 wp-block-columns-is-layout-flex\">\n<div class=\"wp-block-column is-layout-flow wp-block-column-is-layout-flow\" style=\"flex-basis:100%\">\n<p><strong><em>1. &#8221;Pienten koulujen lakkauttaminen on perusteltua s\u00e4\u00e4st\u00f6syist\u00e4.<\/em>&#8221;<\/strong><\/p>\n\n\n\n<p><mark style=\"background-color:#f54b4b\" class=\"has-inline-color\">T\u00e4ysin eri mielt\u00e4.<\/mark> L\u00e4hikoulu on julkisista palveluista yksi t\u00e4rkeimmist\u00e4 ja koulun saavutettavuus pit\u00e4\u00e4 taata jatkossakin. Ryhm\u00e4kokojen kasvattaminen ei ole kaukon\u00e4k\u00f6ist\u00e4 politiikkaa. Joillakin paikkakunnilla koulujen lakkauttamiseen voivat ajaa demografiset syyt. Taloudellinen s\u00e4\u00e4st\u00f6 pit\u00e4isi olla n\u00e4ist\u00e4 viimeinen perustelu.<\/p>\n<\/div>\n<\/div>\n\n\n\n<p><em><strong>2. &#8221;Kunnassani tulisi tarjota mahdollisuus opiskella ruotsin kielt\u00e4 suomenkielisiss\u00e4 kouluissa jo ennen peruskoulujen kuudetta luokkaa.&#8221;<\/strong><\/em><\/p>\n\n\n\n<p><em><mark style=\"background-color:#f54b4b\" class=\"has-inline-color\">T\u00e4ysin samaa mielt\u00e4.<\/mark><\/em> Helsingiss\u00e4 tulee olla jatkossakin mahdollisuus opiskella vieraita kieli\u00e4 laajasti ja useissa kouluissa. Kielten opetus on t\u00e4rke\u00e4\u00e4 ja erinomainen tapa oppia ymm\u00e4rt\u00e4m\u00e4\u00e4n kulttuuria laajemmin. Ruotsin kielen osaaminen on t\u00e4rke\u00e4\u00e4 Suomessa ja avaa ovia yhteiskunnassa.<br><br><em><strong>3. &#8221;Kuntani tulisi asettaa yl\u00e4raja peruskoulun opetusryhmien koolle.&#8221;<\/strong><\/em><\/p>\n\n\n\n<p><em><mark style=\"background-color:#f54b4b\" class=\"has-inline-color\">T\u00e4ysin samaa mielt\u00e4.<\/mark><\/em> Koulujen ryhm\u00e4koot on syyt\u00e4 pit\u00e4\u00e4 maltillisina, jotta opettaja voi ottaa jokaisen lapsen tarpeet mahdollisimman hyvin huomioon. Varsinkin ala-asteella t\u00e4m\u00e4 tulisi varmistaa asettamalla ryhm\u00e4koolle yl\u00e4raja. Puolueeni on ehdottanut 20 oppilasta. Ryhm\u00e4koot ovat yksi tapa varmistaa, ett\u00e4 suomalainen peruskoulu s\u00e4ilyy laadukkaana jatkossakin.<\/p>\n\n\n\n<p><strong><em>4. &#8221;Kouluissa ja p\u00e4iv\u00e4kodeissa pit\u00e4\u00e4 v\u00e4hent\u00e4\u00e4 liharuoan tarjoamista.&#8221;<\/em><\/strong><\/p>\n\n\n\n<p><em><mark style=\"background-color:#f54b4b\" class=\"has-inline-color\">T\u00e4ysin samaa mielt\u00e4.<\/mark><\/em> Eettisist\u00e4, terveys- ja ymp\u00e4rist\u00f6syist\u00e4 liharuoan tarjoaminen nykyisess\u00e4 m\u00e4\u00e4rin ei ole kauaskantoinen ratkaisu. Liharuoan v\u00e4hent\u00e4minen on linjassa yleisten ravitsemussuositusten kanssa.<br><br><strong><em>5. &#8221;Kunnan pit\u00e4\u00e4 tukea rahallisesti alle 3-vuotiaiden lasten hoitamista kotona.&#8221;<\/em><\/strong><\/p>\n\n\n\n<p><em><mark style=\"background-color:#f54b4b\" class=\"has-inline-color\">Jokseenkin eri mielt\u00e4.<\/mark><\/em> Kotihoidon tukea maksaa p\u00e4\u00e4asiassa Kela, mutta lis\u00e4ksi maksetaan my\u00f6s Helsinki-lis\u00e4\u00e4. Helsingiss\u00e4 asumiskustannukset ovat korkeat ja aivan pienten lasten hoitamista on syyt\u00e4 tukea. P\u00e4iv\u00e4kodeissa varhaiskasvatuksen ammattilaiset kehitt\u00e4v\u00e4t lasten erilaisia taitoja. Laadukas varhaiskasvatus takaa lapsille hyv\u00e4n pohjan oppia koulussa ja varhaiskasvatuksen laaja kattavuus v\u00e4hent\u00e4\u00e4 oppimiseroja.<br><br><strong><em>6. &#8221;Koulun on pidett\u00e4v\u00e4 yll\u00e4 kristillisi\u00e4 perinteit\u00e4.&#8221;<\/em><\/strong><\/p>\n\n\n\n<p><mark style=\"background-color:#f54b4b\" class=\"has-inline-color\">Jokseenkin eri mielt\u00e4.<\/mark> Kouluissa pit\u00e4\u00e4 tarjota uskonnon- ja el\u00e4m\u00e4nkatsomustiedon opetusta, joka kasvattaa ymm\u00e4rryst\u00e4 eri kulttuureista. En n\u00e4e syyt\u00e4 muokata suomalaisen peruskoulun kouluvuoden perinteit\u00e4.<\/p>\n\n\n\n<p><strong><em>7. &#8221;Kuntani pit\u00e4\u00e4 houkutella asukkaita vauvarahalla.&#8221;<\/em><\/strong><\/p>\n\n\n\n<p><em><mark style=\"background-color:#f54b4b\" class=\"has-inline-color\">T\u00e4ysin eri mielt\u00e4.<\/mark><\/em> Helsingiss\u00e4 ns. vauvarahan maksamiselle ei ole n\u00e4hty tarvetta. Syntyvyytt\u00e4 ei lis\u00e4t\u00e4 paikallisesti maksettavilla vauvarahoilla, vaan varmistamalla ett\u00e4 lasten hankkimisen tukena olevat julkiset palvelut ovat laadukkaita ja kaikkien saatavilla. Kertaluontoista summaa t\u00e4rke\u00e4mpi\u00e4 lasten kasvattamiselle ovat kunnan terveys-, koulutus- ja ty\u00f6llisyyspalvelut.<\/p>\n\n\n\n<p><strong><em>8. &#8221;Jos kunnan tuloja ja menoja tasapainotetaan, se on teht\u00e4v\u00e4 mieluummin menoja leikkaamalla kuin veroja korottamalla.&#8221;<\/em><\/strong><\/p>\n\n\n\n<p><em><mark style=\"background-color:#f54b4b\" class=\"has-inline-color\">Jokseenkin eri mielt\u00e4.<\/mark><\/em> Helsingin taloutta on hoidettava vastuullisesti. Tarpeelliset julkiset palvelut on oltava mahdollisimman kattavasti saatavilla kaikille. Leikkaamisen pit\u00e4isi olla vaihtoehtona vasta, jos muita realistisia keinoja tasapainottamiseksi ei ole.<\/p>\n\n\n\n<p><strong><em>9. &#8221;P\u00e4\u00e4omatulot on pidett\u00e4v\u00e4 kunnallisverotuksen ulkopuolella.&#8221;<\/em><\/strong><\/p>\n\n\n\n<p><em><mark style=\"background-color:#f54b4b\" class=\"has-inline-color\">Jokseenkin samaa mielt\u00e4.<\/mark><\/em> Kuntatalouden tasapainottamiseksi ja verotuksen tehostamiseksi olisi syyt\u00e4 selvitt\u00e4\u00e4 kiinteist\u00f6veroa. Esimerkiksi Helsingiss\u00e4 korotettu kiinteist\u00f6vero voisi saada tyhjill\u00e4\u00e4n olevia keskusta-asuntoja paremmin markkinoille. En n\u00e4e, ett\u00e4 Helsingiss\u00e4 olisi tarpeen sis\u00e4llytt\u00e4\u00e4 p\u00e4\u00e4omaveroja kunnallisverotukseen. Verotuksen tulee olla selke\u00e4\u00e4 ja vaikutuksiltaan v\u00e4h\u00e4isi\u00e4 uusia veroja on l\u00e4ht\u00f6kohtaisesti v\u00e4ltett\u00e4v\u00e4.<\/p>\n\n\n\n<p><strong><em>10. &#8221;Kunnan on ostettava ensisijaisesti palveluita omistamiltaan yhti\u00f6ilt\u00e4.&#8221;<\/em><\/strong><\/p>\n\n\n\n<p><em><mark style=\"background-color:#f54b4b\" class=\"has-inline-color\">Jokseenkin eri mielt\u00e4.<\/mark><\/em> Kilpailutuksissa ei mielest\u00e4ni pit\u00e4isi suosia tiettyj\u00e4 omistusmuotoja. P\u00e4\u00e4asia on ett\u00e4 palvelut toteutetaan laadukkaasti ja luotettavasti. Kunta omistaa yhti\u00f6it\u00e4, jotta ne voivat tuottaa kunnan tarvitsemia palveluita mahdollisimman tehokkaasti, mik\u00e4 antaa niille edellytykset menesty\u00e4 palveluiden kilpailutuksissa. Pienill\u00e4 ja keskisuurilla yrityksill\u00e4 tulee olla tasavertainen mahdollisuus osallistua kilpailutuksiin ja varsinkin pienhankintoihin. Siksi pit\u00e4\u00e4 varmistaa est\u00e4m\u00e4ll\u00e4 hankintojen perusteeton yhdist\u00e4minen ylisuuriksi paketeiksi.<\/p>\n\n\n\n<p><strong><em>11. &#8221;Kuntien pit\u00e4\u00e4 osallistua maakuntalentojen rahoittamiseen.&#8221;<\/em><\/strong><\/p>\n\n\n\n<p><em><mark style=\"background-color:#f54b4b\" class=\"has-inline-color\">T\u00e4ysin eri mielt\u00e4.<\/mark><\/em> Maakuntalentojen tukeminen on ilmastollisesti kest\u00e4m\u00e4t\u00f6nt\u00e4. Resurssit pit\u00e4\u00e4 ohjata junaliikenteen kehitt\u00e4miseen ja nopeuttamiseen. Jos lentoliikennett\u00e4 maakuntakentille halutaan toistaiseksi jatkaa, tulee se j\u00e4rjest\u00e4\u00e4 markkinaehtoisesti.<\/p>\n\n\n\n<p><strong><em>12. &#8221;Pienten paikkakuntien ty\u00f6tt\u00f6mille riitt\u00e4\u00e4, ett\u00e4 tukea ty\u00f6nhakuun saa et\u00e4n\u00e4.&#8221;<\/em><\/strong><\/p>\n\n\n\n<p><em><mark style=\"background-color:#f54b4b\" class=\"has-inline-color\">Jokseenkin eri mielt\u00e4.<\/mark><\/em><\/p>\n\n\n\n<p><strong><em>13. &#8221;Kunnan pit\u00e4\u00e4 tarvittaessa pakkolunastaa yksityisi\u00e4 maa-alueita, jotta se saa tonttimaata rakentamiseen.&#8221;<\/em><\/strong><\/p>\n\n\n\n<p><em><mark style=\"background-color:#f54b4b\" class=\"has-inline-color\">Jokseenkin samaa mielt\u00e4.<\/mark><\/em> Pakkolunastus l\u00f6ytyy kunnan ty\u00f6kalupakista viimeisen\u00e4 k\u00e4ytett\u00e4viss\u00e4 olevana keinona. Ensisijaisesti pit\u00e4\u00e4 pyrki\u00e4 maanomistajan kanssa ratkaisuun neuvottelemalla, mik\u00e4 yleens\u00e4 onnistuukin. Yhten\u00e4 vaihtoehtona pakkolunastukselle voi pk-seudulla hy\u00f6dynt\u00e4\u00e4 rakentamattoman tontin korotettua kiinteist\u00f6veroa.<\/p>\n\n\n\n<p><strong><em>14. &#8221;Kuntien pit\u00e4\u00e4 paikata valtion tekem\u00e4t leikkaukset teattereiden rahoitukseen.&#8221;<\/em><\/strong><\/p>\n\n\n\n<p><em><mark style=\"background-color:#f54b4b\" class=\"has-inline-color\">Jokseenkin samaa mielt\u00e4.<\/mark><\/em> Valtio on kulttuurin rahoituksen p\u00e4\u00e4asiallinen tukija. Kulttuurin valtionrahoitus on tulevina vuosina laskusuunnassa. Lyhyell\u00e4 t\u00e4ht\u00e4imell\u00e4 Helsingin tulee varmistaa teattereidemme elinvoimaisuus paikkaamalla niiden rahoitusta. Sijoitukset kulttuuriin ovat kannattavia, sill\u00e4 ne lis\u00e4\u00e4v\u00e4t kaupungin vetovoimaa verrattain pienin kustannuksin.<br><br><strong><em>15. &#8221;Kirjastoja pit\u00e4isi muuttaa itsepalvelukirjastoiksi, jotta kuntani voi s\u00e4\u00e4st\u00e4\u00e4 henkil\u00f6st\u00f6n palkkakuluista.&#8221;<\/em><\/strong><\/p>\n\n\n\n<p><em><mark style=\"background-color:#f54b4b\" class=\"has-inline-color\">T\u00e4ysin eri mielt\u00e4.<\/mark><\/em> Kirjastot ovat julkisten kulttuuripalvelujemme kruununjalokivi ja julkiset l\u00e4hikirjastot ovat syyst\u00e4kin suomalaisen hyvinvointiyhteiskunnan ylpeydenaihe. Kirjastojen henkil\u00f6kunta on osaavia ammattilaisia, joiden asiantuntemusta ei voi korvata koneilla ja joista luopuminen olisi j\u00e4rjestelm\u00e4n alasajoa. L\u00e4hi\u00f6iden kirjastoissa pit\u00e4\u00e4 s\u00e4ilytt\u00e4\u00e4 sama palvelutaso kuin suurissa kirjastoissa. Itsepalveluaukioloa voi kokeilla aikaisin aamulla ja my\u00f6h\u00e4\u00e4n illalla aukioloaikojen pident\u00e4miseksi, kuten joissakin kirjastoissa on jo tehty.<\/p>\n\n\n\n<p><strong><em>16. &#8221;Kuntani pit\u00e4\u00e4 rahoittaa tapahtumia, jotka lis\u00e4\u00e4v\u00e4t erilaisten kulttuurien vuorovaikutusta.&#8221;<\/em><\/strong><\/p>\n\n\n\n<p><em><mark style=\"background-color:#f54b4b\" class=\"has-inline-color\">T\u00e4ysin samaa mielt\u00e4.<\/mark><\/em> Erilaiset tapahtumat ja tempaukset rikastuttavat kaupunkiel\u00e4m\u00e4\u00e4. Suurimmat kulttuurien vuorovaikutusta edist\u00e4v\u00e4t tapahtumat, kuten Maailma kyl\u00e4ss\u00e4 -festivaali, ovat my\u00f6s matkailullisia vetonauloja. Tapahtumia pit\u00e4\u00e4 mielest\u00e4ni j\u00e4rjest\u00e4\u00e4 viel\u00e4 enemm\u00e4n my\u00f6s keskustan ulkopuolella, mist\u00e4 hyv\u00e4n\u00e4 esimerkkin\u00e4 Puotinharjun Puhos loves People. Kulttuuriin sijoitetut rahat maksavat itsens\u00e4 moninkertaisena takaisin ja ovat pitk\u00e4kestoinen sijoitus.<br><br><strong><em>17. &#8221;Kotikuntani olisi hyv\u00e4 osoittaa tukensa sukupuoli- ja seksuaaliv\u00e4hemmist\u00f6ille Pride-liputuksella.<\/em><\/strong>&#8221;<\/p>\n\n\n\n<p><em><mark style=\"background-color:#f54b4b\" class=\"has-inline-color\">T\u00e4ysin samaa mielt\u00e4.<\/mark><\/em> Helsingiss\u00e4 on omaksuttu hyv\u00e4ksi k\u00e4yt\u00e4nn\u00f6ksi jokavuotinen Pride-liputus. Liputus on t\u00e4rke\u00e4\u00e4 v\u00e4hemmist\u00f6jen huomioimiseksi ja osoitus tuesta. T\u00e4m\u00e4 vastaa my\u00f6s omia arvojani.<\/p>\n\n\n\n<p><strong><em>18. &#8221;My\u00f6s kuntani harvaan asutuilta alueilta pit\u00e4\u00e4 p\u00e4\u00e4st\u00e4 palveluiden \u00e4\u00e4reen julkisella liikenteell\u00e4.&#8221;<\/em><\/strong><\/p>\n\n\n\n<p><em><mark style=\"background-color:#f54b4b\" class=\"has-inline-color\">T\u00e4ysin samaa mielt\u00e4.<\/mark><\/em> Julkisen liikenteen palvelutason tulee olla houkutteleva my\u00f6s Helsingin keskusta-alueen ulkopuolella. Jotta entist\u00e4 useampi helsinkil\u00e4inen k\u00e4ytt\u00e4isi julkisia, on liikenteen palvelutasoa kohotettava niin, ettei auton omistaminen ole kauempana keskustasta v\u00e4ltt\u00e4m\u00e4tt\u00f6myys. Koko HSL-alueella palvelutason laadun korkeana pit\u00e4minen on edellytys joukkoliikenteen k\u00e4ytt\u00e4jien osuuden kasvattamiseksi. Mit\u00e4 useampi k\u00e4ytt\u00e4\u00e4 joukkoliikennett\u00e4, sit\u00e4 halvempana lippujen hinnat voidaan pit\u00e4\u00e4 kaikille.<br><br><strong><em>19. &#8221;Kuntani tulisi v\u00e4ltt\u00e4\u00e4 avohakkuita omistamillaan mets\u00e4alueilla.&#8221;<\/em><\/strong><\/p>\n\n\n\n<p><em><mark style=\"background-color:#f54b4b\" class=\"has-inline-color\">Jokseenkin samaa mielt\u00e4.<\/mark><\/em> Helsingin rajojen sis\u00e4puolella olevat mets\u00e4t ovat koko maan mittakaavassa vanhoja ja lajistoltaan monipuolisia. Muualla Helsingin kaupungin tulee olla vastuullinen mets\u00e4nomistaja ja hoitaa metsi\u00e4\u00e4n viimeisimpien tutkimustietojen mukaisesti.<\/p>\n\n\n\n<p><strong><em>20. &#8221;Kuntaani pit\u00e4\u00e4 houkutella lis\u00e4\u00e4 teollisuuden ty\u00f6paikkoja, vaikka siit\u00e4 olisi haittaa ymp\u00e4rist\u00f6lle.<\/em><\/strong>&#8221;<\/p>\n\n\n\n<p><em><mark style=\"background-color:#f54b4b\" class=\"has-inline-color\">Jokseenkin eri mielt\u00e4.<\/mark><\/em> Helsingiss\u00e4 toimii perinteisesti teollisuutta, jolla on paikkansa monikasvoisessa p\u00e4\u00e4kaupungissamme. Ty\u00f6paikkoja pit\u00e4\u00e4 jatkossakin olla monipuolisesti eri aloilla. Helsinkiin ei ole kuitenkaan tarpeen sijoittaa lis\u00e4\u00e4 ymp\u00e4rist\u00f6\u00e4 saastuttavia teollisuudenaloja, vaan mielummin korkean teknologian ty\u00f6paikkoja, joille on hy\u00f6ty\u00e4 sijaita juuri t\u00e4\u00e4ll\u00e4.<\/p>\n\n\n\n<p><strong><em>21. &#8221;Kunnan on asetettava rakentaminen l\u00e4hiluonnon s\u00e4ilytt\u00e4misen edelle.&#8221;<\/em><\/strong><\/p>\n\n\n\n<p><em><mark style=\"background-color:#f54b4b\" class=\"has-inline-color\">T\u00e4ysin eri mielt\u00e4.<\/mark><\/em> Keskeinen vaaliteemani on, ett\u00e4 Helsingin pit\u00e4\u00e4 kasvaa kest\u00e4v\u00e4sti ja j\u00e4rkev\u00e4sti. Noin 10 000 asukkaan vuosivauhtia kasvava Helsinki tarvitsee lis\u00e4\u00e4 rakentamista, jotta asuntojen hinnat pysyv\u00e4t kurissa ja p\u00e4\u00e4kaupungissa voi asua, vaikka tulot olisivat matalammat. J\u00e4rkev\u00e4sti kasvaminen tarkoittaa sit\u00e4, ett\u00e4 uusien asuinalueiden rakentaminen ja olemassa olevien alueiden t\u00e4ydennysrakentaminen tapahtuu nykyisin vajaak\u00e4yt\u00f6ll\u00e4 oleville alueille, kuten entisille teollisuusalueille tai joutomaalle. T\u00e4m\u00e4 s\u00e4\u00e4st\u00e4\u00e4 kaupunkilaisille t\u00e4rke\u00e4\u00e4 l\u00e4hiluontoa, mik\u00e4 on ratkaisevaa asuinalueen viihtyvyyden kannalta. Jokaisella helsinkil\u00e4isell\u00e4 pit\u00e4\u00e4 olla helppo p\u00e4\u00e4sy omaan l\u00e4himets\u00e4\u00e4ns\u00e4 tai virkistysalueelle.<\/p>\n\n\n\n<p><strong><em>22. &#8221;Kuntani on pyritt\u00e4v\u00e4 saavuttamaan hiilineutraalius jo ennen Suomen tavoitevuotta 2035.&#8221;<\/em><\/strong><\/p>\n\n\n\n<p><em><mark style=\"background-color:#f54b4b\" class=\"has-inline-color\">T\u00e4ysin samaa mielt\u00e4.<\/mark><\/em> Helsinki on asettanut tavoitteekseen olla hiilineutraali jo vuonna 2030 ja t\u00e4ss\u00e4 asiassa olemme suunnann\u00e4ytt\u00e4j\u00e4 koko Suomelle. Suorat hiilidioksidip\u00e4\u00e4st\u00f6t ovat v\u00e4hentyneet Helsingiss\u00e4 kivihiilest\u00e4 luopumisen polttoaineentuotannossa seurauksena. Pian suurin p\u00e4\u00e4st\u00f6jentuottaja on liikenne. Kest\u00e4vien kulkutapojen (joista merkitt\u00e4vimm\u00e4t ovat k\u00e4vely, julkinen liikenne ja py\u00f6r\u00e4ily) osuutta kasvattamalla Helsinki voi v\u00e4hent\u00e4\u00e4 n\u00e4it\u00e4 p\u00e4\u00e4st\u00f6j\u00e4.<br><br><strong><em>23. &#8221;Maahanmuuttajat vahvistavat kotikuntani elinvoimaa.&#8221;<\/em><\/strong><\/p>\n\n\n\n<p><em><mark style=\"background-color:#f54b4b\" class=\"has-inline-color\">T\u00e4ysin samaa mielt\u00e4.<\/mark><\/em> Maahanmuuttajat ovat Helsingiss\u00e4 t\u00e4rke\u00e4 ja kasvava v\u00e4est\u00f6ryhm\u00e4. Monimuotoinen Helsinki on tosiasia ja positiivinen asia. Helsinki, Suomen sykkiv\u00e4 syd\u00e4n, pys\u00e4htyisi ilman maahanmuuttajia.<\/p>\n\n\n\n<p><strong><em>24. &#8221;Kuntani pit\u00e4\u00e4 s\u00e4\u00e4st\u00e4\u00e4 maahanmuuttajien kotouttamisen palveluista.&#8221;<\/em><\/strong><\/p>\n\n\n\n<p><em><mark style=\"background-color:#f54b4b\" class=\"has-inline-color\">T\u00e4ysin eri mielt\u00e4.<\/mark><\/em> Maahanmuuttajien osuus helsinkil\u00e4isist\u00e4 kasvaa ja kotouttamisen palvelut ovat elint\u00e4rke\u00e4 osa heid\u00e4n sopeutumisessaan suomalaiseen yhteiskuntaan. N\u00e4m\u00e4 palvelut ehk\u00e4isev\u00e4t my\u00f6s kaupunginosien v\u00e4list\u00e4 eriytymiskehityst\u00e4. Kotouttamisen palvelut t\u00e4ytyy ulottaa kaikille perheenj\u00e4senille, my\u00f6s nuorille.<\/p>\n\n\n\n<p><strong><em>25. &#8221;Kuntani pit\u00e4\u00e4 kielt\u00e4yty\u00e4 vastaanottamasta kiinti\u00f6pakolaisia.&#8221;<\/em><\/strong><\/p>\n\n\n\n<p><em><mark style=\"background-color:#f54b4b\" class=\"has-inline-color\">T\u00e4ysin eri mielt\u00e4.<\/mark><\/em> Helsingill\u00e4 on resurssit ja moraalinen vastuu ottaa osuutensa Suomeen vastaanotettavasta pakolaiskiinti\u00f6st\u00e4.<\/p>\n\n\n\n<p><strong><em>26. &#8221;Helsingin tulee kielt\u00e4\u00e4 polttomoottoriajoneuvoilla ajaminen keskustassa.&#8221;<\/em><\/strong><\/p>\n\n\n\n<p><em><mark style=\"background-color:#f54b4b\" class=\"has-inline-color\">Jokseenkin eri mielt\u00e4.<\/mark><\/em> Keskusta on pidett\u00e4v\u00e4 saavutettavana kaikille helsinkil\u00e4isille. Virkamiesvalmisteluna ehdotettua polttomoottoriautojen t\u00e4yskieltoa parempi keino on luoda kannustimia k\u00e4ytt\u00e4\u00e4 joukkoliikennett\u00e4, jos mahdollista. S\u00e4hk\u00f6autojen yleistyess\u00e4 polttomoottoriautojen osuus tulee joka tapauksessa pienenem\u00e4\u00e4n.<\/p>\n\n\n\n<p><strong><em>27. &#8221;Helsingin pit\u00e4\u00e4 kielt\u00e4\u00e4 esimerkiksi Sinimustan liikkeen lukupiirin kaltaiset \u00e4\u00e4riliikkeiden tapahtumat kaupungin tiloissa.&#8221;<\/em><\/strong><\/p>\n\n\n\n<p><em><mark style=\"background-color:#f54b4b\" class=\"has-inline-color\">T\u00e4ysin samaa mielt\u00e4.<\/mark><\/em> Kaikille kaupunkilaisille yhteisiss\u00e4 julkisissa tiloissa ei ole hyv\u00e4ksytt\u00e4v\u00e4\u00e4 j\u00e4rjest\u00e4\u00e4 toimintaa, joka ei vastaa Helsingin kaupungin arvoja ja jotka ovat rasistisia kanssahelsinkil\u00e4isi\u00e4 kohtaan.<\/p>\n\n\n\n<p><strong><em>28. &#8221;Helsingin tulee ottaa k\u00e4ytt\u00f6\u00f6n terveyskeskusmaksu palveluiden rahoittamiseksi.&#8221;<\/em><\/strong><\/p>\n\n\n\n<p><em><mark style=\"background-color:#f54b4b\" class=\"has-inline-color\">T\u00e4ysin eri mielt\u00e4.<\/mark><\/em> Toisin kuin monissa muissa kunnissa, Helsingiss\u00e4 taloudellinen tilanne ei ole pakottanut ottamaan k\u00e4ytt\u00f6\u00f6n terveyskeskusmaksuja. Julkisten terveysaseman maksuttomana pit\u00e4minen on yksi t\u00e4rkeimmist\u00e4 keinoista ehk\u00e4ist\u00e4 terveydellisen kuilun kasvamista eri tuloluokkien v\u00e4lill\u00e4. En my\u00f6sk\u00e4\u00e4n tahdo yhdenk\u00e4\u00e4n helsinkil\u00e4isen p\u00e4\u00e4tyv\u00e4n terveyskeskusmaksujen vuoksi ulosottoon, kuten muilla paikkakunnilla on nykyhallituksen toimenpiteiden seurauksena k\u00e4ynyt.<\/p>\n\n\n\n<p><br><strong><em>29. &#8221;Helsingin tulee luopua nykymuotoisista painotetun opetuksen luokista, kuten erillisist\u00e4 musiikkiluokista.&#8221;<\/em><\/strong><\/p>\n\n\n\n<p><em><mark style=\"background-color:#f54b4b\" class=\"has-inline-color\">Jokseenkin eri mielt\u00e4.<\/mark><\/em> Painotetun opetuksen luokista ei pit\u00e4isi luopua, sill\u00e4 samalla menetett\u00e4isiin paljon opetuksesta saatavia hy\u00f6tyj\u00e4. Painotettuja luokkia tulisi mahdollisimman laajasti useissa kouluissa ja eri alueilla. Erikoisluokat eiv\u00e4t saa osaltaan aiheuttaa Helsingin koulujen v\u00e4list\u00e4 eriytymiskehityst\u00e4.<\/p>\n\n\n\n<p><strong><em>30. &#8221;Helsingin pit\u00e4\u00e4 osoittaa nykyist\u00e4 enemm\u00e4n tukea alueille, miss\u00e4 asuu enemm\u00e4n syrj\u00e4ytymisvaarassa olevia ihmisi\u00e4.&#8221;<\/em><\/strong><\/p>\n\n\n\n<p><em><mark style=\"background-color:#f54b4b\" class=\"has-inline-color\">T\u00e4ysin samaa mielt\u00e4.<\/mark><\/em> Helsingiss\u00e4 on nimetty kaupunkiuudistusalueita, jotka saavat lis\u00e4tukea vetovoiman parantamiseksi. Esimerkiksi alueellisesti kouluihin kohdennetut lis\u00e4resurssit ovat olleet tehokas tapa v\u00e4hent\u00e4\u00e4 oppimisen eriarvoistumista. Kaupunkiuudistusalueiden lis\u00e4ksi pit\u00e4\u00e4 lis\u00e4t\u00e4 resursseja my\u00f6s pienemmille alueille, joissa on huono-osaisuuden keskittymiselle. T\u00e4llaiset syrj\u00e4ytymisen taskut voivat olla pienempi\u00e4 kaupunginosia tai jopa kortteleita, jotka eiv\u00e4t saa j\u00e4\u00e4d\u00e4 huomiotta.<\/p>\n\n\n\n<p><br><strong><em>31. &#8221;Helsinkiin pit\u00e4\u00e4 palauttaa HSL:n A-vy\u00f6hykkeen edullinen kertalippu, vaikka se lis\u00e4isi kaupungin joukkoliikennekustannuksia.&#8221;<\/em><\/strong><\/p>\n\n\n\n<p><em><mark style=\"background-color:#f54b4b\" class=\"has-inline-color\">Jokseenkin samaa mielt\u00e4.<\/mark><\/em> Joukkoliikenteen pit\u00e4minen edullisena kaikille helsinkil\u00e4isille on minulle syd\u00e4men asia. Helsingin keskustassa A-vy\u00f6hykkeell\u00e4 asuvat maan maksukykyisimm\u00e4t julkisen liikenteen k\u00e4ytt\u00e4j\u00e4t. Keskustassa on my\u00f6s korkein julkisen liikenteen palvelutaso. A-vy\u00f6hykkeen sis\u00e4ll\u00e4 liikkumista ei pid\u00e4 tukea l\u00e4hi\u00f6iss\u00e4 asuvien helsinkil\u00e4isten kustannuksella. Edullisemmat lippumuodot tulisi ulottaa kaikille vy\u00f6hykkeille.<br><br><strong><em>32. &#8221;Helsingin pit\u00e4\u00e4 palkata ennemmin lis\u00e4\u00e4 ty\u00f6voimaa kuin ostaa koulujen lakis\u00e4\u00e4teiset terveystarkastukset yksityisilt\u00e4 l\u00e4\u00e4k\u00e4riasemilta.&#8221;<\/em><\/strong><\/p>\n\n\n\n<p><em><mark style=\"background-color:#f54b4b\" class=\"has-inline-color\">Jokseenkin samaa mielt\u00e4.<\/mark><\/em> Yksityisiin l\u00e4\u00e4k\u00e4ripalveluihin ohjaamista tulisi v\u00e4ltt\u00e4\u00e4. Lakis\u00e4\u00e4teiset terveystarkastukset on toteutettava, jos mahdollista, kaupungin omilla palveluilla. Koululaisten terveyden kannalta olisi hyv\u00e4, jos he saavat samalta taholta hoitoa koko koulupolkunsa aikana. Kouluterveydenhuollon resurssien ja ty\u00f6hyvinvoinnin varmistaminen on t\u00e4ss\u00e4 avainasemassa. Yksityisten l\u00e4\u00e4k\u00e4ripalveluiden kysynn\u00e4n kasvattaminen lis\u00e4\u00e4 usein pian my\u00f6s kustannuksia.<br><br><strong><em>33. &#8221;Helsingiss\u00e4 on varaa alentaa tonttien vuokrahintoja ja n\u00e4in pienent\u00e4\u00e4 monen kaupunkilaisen asumisen kustannuksia.&#8221;<\/em><\/strong><\/p>\n\n\n\n<p><em><mark style=\"background-color:#f54b4b\" class=\"has-inline-color\">Jokseenkin eri mielt\u00e4.<\/mark><\/em> Helsingiss\u00e4 pit\u00e4\u00e4 olla varaa asua my\u00f6s kohtuuhintaisesti ja asumisen kustannusten kasvuun on kiinnitett\u00e4v\u00e4 huomiota. T\u00e4t\u00e4 ei mielest\u00e4ni pid\u00e4 tehd\u00e4 vanhoja vuokrasopimuksia muuttamalla, mik\u00e4 koskisi vain pient\u00e4 osaa helsinkil\u00e4isist\u00e4. Varsinkin kerrostaloasujalle tontin vuokran laskun vaikutus j\u00e4\u00e4 pieneksi eik\u00e4 asumisen kustannusten yleisen hintatason noustessa n\u00e4y v\u00e4ltt\u00e4m\u00e4tt\u00e4 lainkaan. Jos ja kun Helsingill\u00e4 on varaa kohtuuhintaisten asumisen mahdollistamiseksi kaikille, pit\u00e4isi resurssit kohdistaa uudistuotantoon ja palvelujen kehitt\u00e4miseen.<\/p>\n\n\n\n<p><\/p>\n","protected":false},"excerpt":{"rendered":"<p>Vastaukseni YLE:n vaalikoneen v\u00e4itt\u00e4miin 1. &#8221;Pienten koulujen lakkauttaminen on perusteltua s\u00e4\u00e4st\u00f6syist\u00e4.&#8221; T\u00e4ysin eri mielt\u00e4. L\u00e4hikoulu on julkisista palveluista yksi t\u00e4rkeimmist\u00e4 ja koulun saavutettavuus pit\u00e4\u00e4 taata jatkossakin. Ryhm\u00e4kokojen kasvattaminen ei ole kaukon\u00e4k\u00f6ist\u00e4 politiikkaa. Joillakin paikkakunnilla koulujen lakkauttamiseen voivat ajaa demografiset syyt. Taloudellinen s\u00e4\u00e4st\u00f6 pit\u00e4isi olla n\u00e4ist\u00e4 viimeinen perustelu. 2. &#8221;Kunnassani tulisi tarjota mahdollisuus opiskella ruotsin kielt\u00e4 [&hellip;]<\/p>\n","protected":false},"author":2,"featured_media":0,"parent":17,"menu_order":0,"comment_status":"closed","ping_status":"closed","template":"","meta":{"footnotes":""},"class_list":["post-117","page","type-page","status-publish","hentry"],"_links":{"self":[{"href":"https:\/\/tuomasharjusdp.fi\/index.php\/wp-json\/wp\/v2\/pages\/117","targetHints":{"allow":["GET"]}}],"collection":[{"href":"https:\/\/tuomasharjusdp.fi\/index.php\/wp-json\/wp\/v2\/pages"}],"about":[{"href":"https:\/\/tuomasharjusdp.fi\/index.php\/wp-json\/wp\/v2\/types\/page"}],"author":[{"embeddable":true,"href":"https:\/\/tuomasharjusdp.fi\/index.php\/wp-json\/wp\/v2\/users\/2"}],"replies":[{"embeddable":true,"href":"https:\/\/tuomasharjusdp.fi\/index.php\/wp-json\/wp\/v2\/comments?post=117"}],"version-history":[{"count":10,"href":"https:\/\/tuomasharjusdp.fi\/index.php\/wp-json\/wp\/v2\/pages\/117\/revisions"}],"predecessor-version":[{"id":138,"href":"https:\/\/tuomasharjusdp.fi\/index.php\/wp-json\/wp\/v2\/pages\/117\/revisions\/138"}],"up":[{"embeddable":true,"href":"https:\/\/tuomasharjusdp.fi\/index.php\/wp-json\/wp\/v2\/pages\/17"}],"wp:attachment":[{"href":"https:\/\/tuomasharjusdp.fi\/index.php\/wp-json\/wp\/v2\/media?parent=117"}],"curies":[{"name":"wp","href":"https:\/\/api.w.org\/{rel}","templated":true}]}}